{"id":1880,"date":"2022-04-05T14:23:03","date_gmt":"2022-04-05T14:23:03","guid":{"rendered":"https:\/\/disbain.es\/?page_id=1880"},"modified":"2022-04-05T14:23:03","modified_gmt":"2022-04-05T14:23:03","slug":"cookies","status":"publish","type":"page","link":"https:\/\/disbain.es\/en\/cookies","title":{"rendered":"Cookies"},"content":{"rendered":"\r\n<h2 class=\"wp-block-heading\">POL\u00cdTICA DE COOKIES<\/h2>\r\n<p>El apartado segundo del art\u00edculo 22 de la Ley 34\/2002, de 11 de julio, de Servicios de la Sociedad de la Informaci\u00f3n y de Comercio Electr\u00f3nico (en adelante, LSSI-CE), establece lo siguiente:<\/p>\r\n<p>Los prestadores de servicios podr\u00e1n utilizar dispositivos de almacenamiento y recuperaci\u00f3n de datos en equipos terminales de los destinatarios, a condici\u00f3n de que los mismos hayan dado su consentimiento despu\u00e9s de que se les haya facilitado informaci\u00f3n clara y completa sobre su utilizaci\u00f3n, en particular, sobre los fines del tratamiento de los datos, en cumplimiento con la normativa legal vigente en materia de protecci\u00f3n de datos de car\u00e1cter personal.<\/p>\r\n<p>Cuando sea t\u00e9cnicamente posible y eficaz, el consentimiento del destinatario para aceptar el tratamiento de los datos podr\u00e1 facilitarse mediante el uso de los par\u00e1metros adecuados del navegador o de otras aplicaciones, siempre que aqu\u00e9l deba proceder a su configuraci\u00f3n durante su instalaci\u00f3n o actualizaci\u00f3n mediante una acci\u00f3n expresa a tal efecto.<\/p>\r\n<p>Lo anterior no impedir\u00e1 el posible almacenamiento o acceso de \u00edndole t\u00e9cnica al solo fin de efectuar la transmisi\u00f3n de una comunicaci\u00f3n por una red de comunicaciones electr\u00f3nicas o, en la medida que resulte estrictamente necesario, para la prestaci\u00f3n de un servicio de la sociedad de la informaci\u00f3n expresamente solicitado por el destinatario.<\/p>\r\n<p>Seg\u00fan recoge la \u201cGu\u00eda sobre el uso de las cookies\u201d, publicada por la Agencia Espa\u00f1ola de Protecci\u00f3n de Datos (en adelante, AEPD) en el a\u00f1o 2013, la LSSI-CE es aplicable a cualquier tipo de archivo o dispositivo que se descarga en el equipo terminal de un usuario con la finalidad de almacenar datos que podr\u00e1n ser actualizados y recuperados por la entidad responsable de su instalaci\u00f3n. La cookie es uno de esos dispositivos de uso generalizado por lo que, en adelante, denominaremos gen\u00e9ricamente estos dispositivos como cookies.<\/p>\r\n<p>Quedan exceptuadas del cumplimiento de las obligaciones establecidas en el art\u00edculo 22.2 de la LSSI-CE las cookies utilizadas para alguna de las siguientes finalidades:<\/p>\r\n<ul>\r\n<li>Permitir \u00fanicamente la comunicaci\u00f3n entre el equipo del usuario y la red.<\/li>\r\n<li>Estrictamente prestar un servicio expresamente solicitado por el usuario.<\/li>\r\n<\/ul>\r\n<h2>TIPOS DE COOKIES SEG\u00daN SU FINALIDAD<\/h2>\r\n<p>Una cookie es un fichero que se descarga en su ordenador al acceder a determinadas p\u00e1ginas web. Las cookies permiten a una p\u00e1gina web, entre otras cosas, almacenar y recuperar informaci\u00f3n sobre los h\u00e1bitos de navegaci\u00f3n de un usuario o de su equipo y, dependiendo de la informaci\u00f3n que contengan y de la forma en que utilice su equipo, pueden utilizarse para reconocer al usuario.<\/p>\r\n<p>Tal como recoge la \u201cGu\u00eda sobre el uso de las cookies\u201d de la AEPD, seg\u00fan la finalidad para la que se traten los datos obtenidos a trav\u00e9s de las cookies, podemos distinguir entre:<\/p>\r\n<ul>\r\n<li><strong>Cookies t\u00e9cnicas:<\/strong>\u00a0Son aqu\u00e9llas que permiten al usuario la navegaci\u00f3n a trav\u00e9s de una p\u00e1gina web, plataforma o aplicaci\u00f3n y la utilizaci\u00f3n de las diferentes opciones o servicios que en ella existan como, por ejemplo, controlar el tr\u00e1fico y la comunicaci\u00f3n de datos, identificar la sesi\u00f3n, acceder a partes de acceso restringido, recordar los elementos que integran un pedido, realizar el proceso de compra de un pedido, realizar la solicitud de inscripci\u00f3n o participaci\u00f3n en un evento, utilizar elementos de seguridad durante la navegaci\u00f3n, almacenar contenidos para la difusi\u00f3n de videos o sonido o compartir contenidos a trav\u00e9s de redes sociales.<\/li>\r\n<li><strong>Cookies de personalizaci\u00f3n:<\/strong>\u00a0Son aqu\u00e9llas que permiten al usuario acceder al servicio con algunas caracter\u00edsticas de car\u00e1cter general predefinidas en funci\u00f3n de una serie de criterios en el terminal del usuario como por ejemplo serian el idioma, el tipo de navegador a trav\u00e9s del cual accede al servicio, la configuraci\u00f3n regional desde donde accede al servicio, etc.<\/li>\r\n<li><strong>Cookies de an\u00e1lisis:<\/strong>\u00a0Son aqu\u00e9llas que permiten al responsable de las mismas, el seguimiento y an\u00e1lisis del comportamiento de los usuarios de los sitios web a los que est\u00e1n vinculadas. La informaci\u00f3n recogida mediante este tipo de cookies se utiliza en la medici\u00f3n de la actividad de los sitios web, aplicaci\u00f3n o plataforma y para la elaboraci\u00f3n de perfiles de navegaci\u00f3n de los usuarios de dichos sitios, aplicaciones y plataformas, con el fin de introducir mejoras en funci\u00f3n del an\u00e1lisis de los datos de uso que hacen los usuarios del servicio.<\/li>\r\n<li><strong>Cookies publicitarias:<\/strong>\u00a0Son aqu\u00e9llas que permiten la gesti\u00f3n, de la forma m\u00e1s eficaz posible, de los espacios publicitarios que, en su caso, el editor haya incluido en una p\u00e1gina web, aplicaci\u00f3n o plataforma desde la que presta el servicio solicitado en base a criterios como el contenido editado o la frecuencia en la que se muestran los anuncios.<\/li>\r\n<li><strong>Cookies de publicidad comportamental:<\/strong>\u00a0Son aqu\u00e9llas que permiten la gesti\u00f3n, de la forma m\u00e1s eficaz posible, de los espacios publicitarios que, en su caso, el editor haya incluido en una p\u00e1gina web, aplicaci\u00f3n o plataforma desde la que presta el servicio solicitado. Estas cookies almacenan informaci\u00f3n del comportamiento de los usuarios obtenida a trav\u00e9s de la observaci\u00f3n continuada de sus h\u00e1bitos de navegaci\u00f3n, lo que permite desarrollar un perfil espec\u00edfico para mostrar publicidad en funci\u00f3n del mismo.<\/li>\r\n<li><strong>Cookies de terceros:<\/strong>\u00a0La Web de esta empresa puede utilizar servicios de terceros que, por cuenta de esta empresa, recopilaran informaci\u00f3n con fines estad\u00edsticos, de uso del Site por parte del usuario y para la prestaci\u00f3n de otros servicios relacionados con la actividad del Website y otros servicios de Internet.<\/li>\r\n<\/ul>\r\n<h2>NIVELES DE INTRUSIVIDAD Y DESACTIVACI\u00d3N DE COOKIES<\/h2>\r\n<p>Existen tres escalas de intrusividad de las cookies:<\/p>\r\n<p>Nivel 1: se corresponde con cookies de uso interno imprescindibles para la prestaci\u00f3n del propio servicio solicitado por el usuario.<\/p>\r\n<p>Nivel 2: se corresponde con cookies an\u00f3nimas de uso interno necesarias para el mantenimiento de contenidos y navegaci\u00f3n, as\u00ed como a cookies gestionadas por terceros en el marco de servicios solicitados expresamente por el usuario en las webs de aquellos (ej.: Social Plugins de Facebook o Twitter).<\/p>\r\n<p>Nivel 3: se corresponde con cookies gestionadas por terceros en el marco de servicios no solicitados expresamente por el usuario, permitiendo su seguimiento a trav\u00e9s de webs de las que el propietario de la web visitada por el usuario no es titular (ej.: plataformas de gesti\u00f3n de publicidad gr\u00e1fica). La especificaci\u00f3n de este nivel viene acompa\u00f1ada de su titular. El uso de cookies de nivel 3 est\u00e1 sujeto al permiso previo del usuario mediante confirmaci\u00f3n expresa de su aceptaci\u00f3n.<\/p>\r\n<h2>DESACTIVACI\u00d3N DE COOKIES<\/h2>\r\n<p>Usted puede desactivar en cualquier momento desde su navegador la utilizaci\u00f3n de cookies (terceros y propias) o restringir las cookies de terceros.<\/p>\r\n<p>Tambi\u00e9n puede eliminarlas cuando desee a trav\u00e9s de la configuraci\u00f3n de su navegador.<\/p>\r\n<p>Si est\u00e1 utilizando el navegador en modo privado las cookies se deber\u00edan de borrar autom\u00e1ticamente cuando cierre el navegador (depende de su navegador de internet).<\/p>\r\n<p>Si borra, altera o desactiva las cookies es posible que la web no se visualice bien.<\/p>\r\n<p>A continuaci\u00f3n le proporcionamos los enlaces en los que puede consultar todo aquello referente a la administraci\u00f3n de cookies, incluida su eliminaci\u00f3n o no aceptaci\u00f3n total o parcial, en algunos de los navegadores m\u00e1s comunes:<\/p>\r\n<ul>\r\n<li>Firefox:\u00a0<a href=\"http:\/\/support.mozilla.org\/es\/kb\/habilitar-y-%20deshabilitar-cookies-%20que-los-%20sitios-we\">http:\/\/support.mozilla.org\/es\/kb\/habilitar-y- deshabilitar-cookies- que-los- sitios-we<\/a><\/li>\r\n<li>Chrome:\u00a0<a href=\"https:\/\/support.google.com\/chrome\/answer\/95647?hl=es\">https:\/\/support.google.com\/chrome\/answer\/95647?hl=es<\/a><\/li>\r\n<li>Explorer:\u00a0<a href=\"http:\/\/windows.microsoft.com\/es-ar\/windows-%20vista\/block-or-%20allow-cookies\">http:\/\/windows.microsoft.com\/es-ar\/windows- vista\/block-or- allow-cookies<\/a><\/li>\r\n<li>Safari:\u00a0<a href=\"http:\/\/support.apple.com\/kb\/ph5042\">http:\/\/support.apple.com\/kb\/ph5042<\/a><\/li>\r\n<li>Opera:\u00a0<a href=\"http:\/\/help.opera.com\/Windows\/12.00\/esES\/cookies.html\">http:\/\/help.opera.com\/Windows\/12.00\/esES\/cookies.html<\/a><\/li>\r\n<\/ul>\r\n<h2>PRINCIPIO DE INFORMACI\u00d3N<\/h2>\r\n<p>En cumplimiento con la normativa legal vigente en materia de protecci\u00f3n de datos de car\u00e1cter personal, le informamos de modo expreso, preciso e inequ\u00edvoco que la informaci\u00f3n que se obtenga a trav\u00e9s de las cookies que se instalen en su ordenador ser\u00e1 utilizada con la finalidad de garantizar la calidad, seguridad y mejora de los servicios ofrecidos, as\u00ed como el an\u00e1lisis de nuestra web mediante Google analitycs.<\/p>\r\n<h2>PRINCIPIO DEL CONSENTIMIENTO<\/h2>\r\n<p>El consentimiento para la instalaci\u00f3n de las cookies se entender\u00e1 prestado a trav\u00e9s de la marcaci\u00f3n de la casilla relativa a la aceptaci\u00f3n de la \u201cPol\u00edtica de cookies\u201d dispuesta al efecto en nuestra p\u00e1gina web.<\/p>\r\n<p>En los casos en que el usuario no manifieste expresamente si acepta o no la instalaci\u00f3n de las cookies, pero contin\u00fae utilizando la p\u00e1gina web o la aplicaci\u00f3n se entender\u00e1 que \u00e9ste ha dado su consentimiento, inform\u00e1ndole expresamente nuestra entidad de la posibilidad de bloquear o eliminar las cookies instaladas en su equipo mediante la configuraci\u00f3n de las opciones del navegador instalado en su ordenador.<\/p>\r\n<p>Entre las cookies utilizadas en nuestra web distinguimos:<\/p>\r\n<p>La informaci\u00f3n recabada por este tipo de cookies ser\u00e1 en todo caso an\u00f3nima, no siendo posible establecer v\u00ednculo alguno entre patrones de navegaci\u00f3n y personas f\u00edsicas.<\/p>\r\n<p>Las cookies que utiliza nuestra web son:<\/p>\r\n<p><strong>Nombre:<\/strong>\u00a0PREF<br \/><strong>Titular:<\/strong>\u00a0Google<br \/><strong>Duraci\u00f3n:<\/strong>\u00a02 a\u00f1os<br \/><strong>Finalidad:<\/strong>\u00a0Al crear o iniciar sesi\u00f3n en una cuenta de Google se almacenan las cookies PREF, NID, HSID, APISID, SID, SSID, SAPISID, GAPS, LSID, BEAT, ULS, en su ordenador con el fin de permanecer conectado a su cuenta de Google al visitar sus servicios de nuevo. Mientras permanezca con esta sesi\u00f3n activa y use complementos en otros sitios Web como el nuestro, Google har\u00e1 uso de estas cookies para mejorar su experiencia de uso.<\/p>\r\n<p><strong>Nombre:<\/strong>\u00a0VISITOR_INFO1_LIVE<br \/><strong>Titular:<\/strong>\u00a0Google<br \/><strong>Duraci\u00f3n:<\/strong>\u00a08 meses<br \/><strong>Finalidad:<\/strong>\u00a0En algunas p\u00e1ginas de nuestro Sitio Web tenemos v\u00eddeos incrustados de Youtube, es un servicio de Google. Su uso implica la remisi\u00f3n de las cookies; PREF, NID, LOGIN_INFO, ACTIVITY, dkv, USE_HITBOX, demographics, VISITOR_INFO1_LIVE, YSC, adem\u00e1s de las cookies que Google requiere si mantiene la sesi\u00f3n activa con su cuenta, con el prop\u00f3sito de visualizar los v\u00eddeos incrustados, estimar el ancho de banda y mostrar cuantas veces se ha reproducido.<br \/><strong>Nivel:<\/strong>2<\/p>\r\n<p><strong>Nombre:<\/strong>\u00a0YSC<br \/><strong>Titular:<\/strong>\u00a0Google<br \/><strong>Duraci\u00f3n:<\/strong>\u00a0Expira con la sesi\u00f3n<br \/><strong>Finalidad:<\/strong>\u00a0En algunas p\u00e1ginas de nuestro Sitio Web tenemos v\u00eddeos incrustados de Youtube, es un servicio de Google. Su uso implica la remisi\u00f3n de las cookies; PREF, NID, LOGIN_INFO, ACTIVITY, dkv, USE_HITBOX, demographics, VISITOR_INFO1_LIVE, YSC, adem\u00e1s de las cookies que Google requiere si mantiene la sesi\u00f3n activa con su cuenta, con el prop\u00f3sito de visualizar los v\u00eddeos incrustados, estimar el ancho de banda y mostrar cuantas veces se ha reproducido.<br \/><strong>Nivel:<\/strong>2<\/p>\r\n<p><strong>Nombre:<\/strong>\u00a0NID<br \/><strong>Titular:<\/strong>\u00a0Google<br \/><strong>Duraci\u00f3n:<\/strong>\u00a01 a\u00f1o<br \/><strong>Finalidad:<\/strong>\u00a0Cookie NID de Google \u2013 un identificador \u00fanico utilizado por aplicaciones de Google para almacenar informaci\u00f3n sobre sus preferencias<br \/><strong>Nivel:<\/strong>2<\/p>\r\n<p><strong>Nombre:<\/strong>\u00a0GPS<br \/><strong>Titular:<\/strong>\u00a0Youtube<br \/><strong>Duraci\u00f3n:<\/strong>\u00a01 d\u00eda<br \/><strong>Finalidad:<\/strong>\u00a0Registra una identificaci\u00f3n \u00fanica en dispositivos m\u00f3viles para permitir el seguimiento seg\u00fan la ubicaci\u00f3n geogr\u00e1fica por GPS.<br \/><strong>Nivel:<\/strong>2<\/p>\r\n","protected":false},"excerpt":{"rendered":"<p>POL\u00cdTICA DE COOKIES El apartado segundo del art\u00edculo 22 de la Ley 34\/2002, de 11 de julio, de Servicios de la Sociedad de la Informaci\u00f3n y de Comercio Electr\u00f3nico (en&#8230;<\/p>\n","protected":false},"author":1,"featured_media":0,"parent":0,"menu_order":0,"comment_status":"closed","ping_status":"open","template":"","meta":{"footnotes":""},"class_list":["post-1880","page","type-page","status-publish"],"yoast_head":"<!-- This site is optimized with the Yoast SEO plugin v26.0 - https:\/\/yoast.com\/wordpress\/plugins\/seo\/ -->\n<title>Cookies - Disbain<\/title>\n<meta name=\"robots\" content=\"index, follow, max-snippet:-1, max-image-preview:large, max-video-preview:-1\" \/>\n<link rel=\"canonical\" href=\"https:\/\/disbain.es\/en\/cookies\" \/>\n<meta property=\"og:locale\" content=\"en_US\" \/>\n<meta property=\"og:type\" content=\"article\" \/>\n<meta property=\"og:title\" content=\"Cookies - Disbain\" \/>\n<meta property=\"og:description\" content=\"POL\u00cdTICA DE COOKIES El apartado segundo del art\u00edculo 22 de la Ley 34\/2002, de 11 de julio, de Servicios de la Sociedad de la Informaci\u00f3n y de Comercio Electr\u00f3nico (en...\" \/>\n<meta property=\"og:url\" content=\"https:\/\/disbain.es\/en\/cookies\" \/>\n<meta property=\"og:site_name\" content=\"Disbain\" \/>\n<meta name=\"twitter:card\" content=\"summary_large_image\" \/>\n<meta name=\"twitter:label1\" content=\"Est. reading time\" \/>\n\t<meta name=\"twitter:data1\" content=\"9 minutes\" \/>\n<script type=\"application\/ld+json\" class=\"yoast-schema-graph\">{\"@context\":\"https:\/\/schema.org\",\"@graph\":[{\"@type\":\"WebPage\",\"@id\":\"https:\/\/disbain.es\/en\/cookies\",\"url\":\"https:\/\/disbain.es\/en\/cookies\",\"name\":\"Cookies - Disbain\",\"isPartOf\":{\"@id\":\"https:\/\/disbain.es\/#website\"},\"datePublished\":\"2022-04-05T14:23:03+00:00\",\"breadcrumb\":{\"@id\":\"https:\/\/disbain.es\/en\/cookies#breadcrumb\"},\"inLanguage\":\"en-US\",\"potentialAction\":[{\"@type\":\"ReadAction\",\"target\":[\"https:\/\/disbain.es\/en\/cookies\"]}]},{\"@type\":\"BreadcrumbList\",\"@id\":\"https:\/\/disbain.es\/en\/cookies#breadcrumb\",\"itemListElement\":[{\"@type\":\"ListItem\",\"position\":1,\"name\":\"Portada\",\"item\":\"https:\/\/disbain.es\/\"},{\"@type\":\"ListItem\",\"position\":2,\"name\":\"Cookies\"}]},{\"@type\":\"WebSite\",\"@id\":\"https:\/\/disbain.es\/#website\",\"url\":\"https:\/\/disbain.es\/\",\"name\":\"Disbain\",\"description\":\"Mobiliario de ba\u00f1o\",\"potentialAction\":[{\"@type\":\"SearchAction\",\"target\":{\"@type\":\"EntryPoint\",\"urlTemplate\":\"https:\/\/disbain.es\/?s={search_term_string}\"},\"query-input\":{\"@type\":\"PropertyValueSpecification\",\"valueRequired\":true,\"valueName\":\"search_term_string\"}}],\"inLanguage\":\"en-US\"}]}<\/script>\n<!-- \/ Yoast SEO plugin. -->","yoast_head_json":{"title":"Cookies - Disbain","robots":{"index":"index","follow":"follow","max-snippet":"max-snippet:-1","max-image-preview":"max-image-preview:large","max-video-preview":"max-video-preview:-1"},"canonical":"https:\/\/disbain.es\/en\/cookies","og_locale":"en_US","og_type":"article","og_title":"Cookies - Disbain","og_description":"POL\u00cdTICA DE COOKIES El apartado segundo del art\u00edculo 22 de la Ley 34\/2002, de 11 de julio, de Servicios de la Sociedad de la Informaci\u00f3n y de Comercio Electr\u00f3nico (en...","og_url":"https:\/\/disbain.es\/en\/cookies","og_site_name":"Disbain","twitter_card":"summary_large_image","twitter_misc":{"Est. reading time":"9 minutes"},"schema":{"@context":"https:\/\/schema.org","@graph":[{"@type":"WebPage","@id":"https:\/\/disbain.es\/en\/cookies","url":"https:\/\/disbain.es\/en\/cookies","name":"Cookies - Disbain","isPartOf":{"@id":"https:\/\/disbain.es\/#website"},"datePublished":"2022-04-05T14:23:03+00:00","breadcrumb":{"@id":"https:\/\/disbain.es\/en\/cookies#breadcrumb"},"inLanguage":"en-US","potentialAction":[{"@type":"ReadAction","target":["https:\/\/disbain.es\/en\/cookies"]}]},{"@type":"BreadcrumbList","@id":"https:\/\/disbain.es\/en\/cookies#breadcrumb","itemListElement":[{"@type":"ListItem","position":1,"name":"Portada","item":"https:\/\/disbain.es\/"},{"@type":"ListItem","position":2,"name":"Cookies"}]},{"@type":"WebSite","@id":"https:\/\/disbain.es\/#website","url":"https:\/\/disbain.es\/","name":"Disbain","description":"Mobiliario de ba\u00f1o","potentialAction":[{"@type":"SearchAction","target":{"@type":"EntryPoint","urlTemplate":"https:\/\/disbain.es\/?s={search_term_string}"},"query-input":{"@type":"PropertyValueSpecification","valueRequired":true,"valueName":"search_term_string"}}],"inLanguage":"en-US"}]}},"_links":{"self":[{"href":"https:\/\/disbain.es\/en\/wp-json\/wp\/v2\/pages\/1880","targetHints":{"allow":["GET"]}}],"collection":[{"href":"https:\/\/disbain.es\/en\/wp-json\/wp\/v2\/pages"}],"about":[{"href":"https:\/\/disbain.es\/en\/wp-json\/wp\/v2\/types\/page"}],"author":[{"embeddable":true,"href":"https:\/\/disbain.es\/en\/wp-json\/wp\/v2\/users\/1"}],"replies":[{"embeddable":true,"href":"https:\/\/disbain.es\/en\/wp-json\/wp\/v2\/comments?post=1880"}],"version-history":[{"count":1,"href":"https:\/\/disbain.es\/en\/wp-json\/wp\/v2\/pages\/1880\/revisions"}],"predecessor-version":[{"id":1881,"href":"https:\/\/disbain.es\/en\/wp-json\/wp\/v2\/pages\/1880\/revisions\/1881"}],"wp:attachment":[{"href":"https:\/\/disbain.es\/en\/wp-json\/wp\/v2\/media?parent=1880"}],"curies":[{"name":"wp","href":"https:\/\/api.w.org\/{rel}","templated":true}]}}